{"id":7,"date":"2024-10-31T08:55:00","date_gmt":"2024-10-31T07:55:00","guid":{"rendered":"https:\/\/ejsll.de\/bddll\/?page_id=7"},"modified":"2025-12-10T09:17:47","modified_gmt":"2025-12-10T08:17:47","slug":"bibliothek-der-dinge-ll","status":"publish","type":"page","link":"https:\/\/ejsll.de\/bddll\/","title":{"rendered":"Bibliothek der Dinge in Landsberg"},"content":{"rendered":"\n<div class=\"wp-block-group alignwide\"><div class=\"wp-block-group__inner-container is-layout-flow wp-block-group-is-layout-flow\">\n<p>Ein ehrenamtliches Projekt der Nachhaltigkeit soll unsere Region bereichern: Eine Bibliothek der Dinge (BdD) wurde unter dem Dach des <a href=\"https:\/\/awo-obb.de\/senioren\/einrichtung\/awo-mehrgenerationenhaus-landsberg\">AWO-Mehrgenerationenhauses Landsberg<\/a> (MGH) eingerichtet.<\/p>\n\n\n\n<p><strong>Unterst\u00fctzung dabei ist in jeglicher Hinsicht willkommen! <\/strong><\/p>\n\n\n\n<p><a title=\"Zum Katalog der Dinge\" href=\"https:\/\/ejsll.de\/.bdd\/?katalog\"><img decoding=\"async\" style=\"width: 20%;float:right;min-width:5em;padding:0.5em 0 0.5em 0.5em;\" src=\"https:\/\/ejsll.de\/bddll\/img\/ArtikelSuche.jpg\" alt=\"ArtikelSuche\"><\/a>\n<\/p>\n\n\n\n<p>N\u00fctzliche Gegenst\u00e4nde, die nicht zum t\u00e4glichen Bedarf geh\u00f6ren und daher in so manchem Haushalt fehlen, k\u00f6nnen hier ausgeliehen werden: <a href=\"https:\/\/ejsll.de\/.bdd\/?katalog\"><nobr>zum Katalog<\/nobr><\/a>.<\/p>\n\n\n\n<p>Aktuell findet die Bibliothek der Dinge ihre Heimat im Sternradhaus im \n<a href=\"https:\/\/ampapierbach-landsberg.de\/\">Quartier am Papierbach<\/a> und ist mittels Spenden aus der B\u00fcrgerschaft lebendig geworden \u2026<\/p>\n\n\n\n<div style=\"float: right; padding: 1em 1em 0 1em; background-color: #eee; margin: 0 0 0.5em 0.5em; width: 13rem; border: 7px solid #996600; border-radius: 15px; display: flex; align-items: center;\">\n<p align=\"center\"><strong>Winterpause<br>26.12.-8.1.<br><br>ab 9.1.26 wieder<br><\/strong><strong>\u00d6ffnungszeiten: <\/strong><br \/><b>Freitag<br \/>15:00-18:00 Uhr<\/b>.<br \/><a href=\"https:\/\/ampapierbach-landsberg.de\/locations\/pop-up-galerie-im-sternrad-haus\/\">Popup Galerie<br \/>Sternrad Haus<\/a><br \/>An der Schmiede 11<\/p>\n<\/div>\n\n\n\n<p>Es werden immer noch &#8220;Dinge&#8221; ben\u00f6tigt, wer also neuwertige Gegenst\u00e4nde zur Ausleihe beisteuern kann (zur Anregung hier unsere <a title=\"Wunschliste\" href=\"https:\/\/ejsll.de\/_c\/mdShow.php?f=..\/_p\/BibDinge\/doc\/md\/24-1110-Wunschliste.md\">Wunschliste <\/a>) oder mit Geldspenden helfen m\u00f6chte, soll sich gerne melden mit diesem <a href=\"https:\/\/efi-landsberg.de\/artikel-anbieten\/\"><xnobr>Formular f\u00fcr Spenden <\/xnobr><\/a>. Wenn Sie uns was mitteilen wollen: gerne \u00fcber dieses \n        <a href=\"https:\/\/ejsll.de\/bddll\/?page_id=1358\" data-type=\"page\" data-id=\"9\" target=\"_blank\" rel=\"noreferrer noopener nofollow\">\n            Kontakt-Formular<\/a><\/p>\n\n\n\n<p>Die Regale f\u00fcr die Bibliothek der Dinge sind schon gef\u00fcllt mit einigen &#8220;Dingen&#8221;, zu finden im <a href=\"https:\/\/ejsll.de\/.bdd\/?katalog\" target=\"_blank\" rel=\"noreferrer noopener nofollow\">Katalog der Dinge<\/a> und nat\u00fcrlich in der <a href=\"https:\/\/ampapierbach-landsberg.de\/locations\/pop-up-galerie-im-sternrad-haus\/\">Pop-Up Galerie im Sternrad Haus<\/a>. <\/p>\n\n\n\n<div style=\"float: left; padding: 0 1em 0 0; margin: 0 0 0.5em 0.5em; width: 9rem; display: flex; align-items: center;\">\n<p align=\"center\">\n<a href=\"https:\/\/ejsll.de\/bddll\/?p=1278\"><br \/>\n<img decoding=\"async\" src=\"https:\/\/ejsll.de\/bddll\/wp-content\/uploads\/2025\/05\/MitmacherGesucht.png\"><\/a>\n<\/p>\n<\/div>\n\n\n\n<p>Wir wollen mit dem Projekt unseren Beitrag zur Erreichung der Nachhaltigkeitsziele, der von der Generalversammlung der Vereinten Nationen beschlossenen Agenda 2030 leisten\u201c, erl\u00e4uterte Winfried Starck vom Team der ehrenamtlichen Gruppe \u201eBibliothek der Dinge (BdD)\u201c. N\u00e4hmaschine, Heimplanetarium, Eismaschine und vieles mehr stehen auf der <a href=\"https:\/\/ejsll.de\/_c\/mdShow.php?f=..\/_p\/BibDinge\/doc\/md\/24-1110-Wunschliste.md\">BdD-Wunschliste<\/a>.<\/p>\n\n\n\n<div style=\"width: 100%; max-width: 800px; text-align: center;\">\n<div class=\"bddBlock\">\n<p><a href=\"https:\/\/ejsll.de\/.bdd\/?katalog\"><img decoding=\"async\" style=\"width: 100%;\" src=\"https:\/\/ejsll.de\/bddll\/img\/ArtikelSuche.jpg\" alt=\"Artikel-Katalog\" \/> <\/a><br \/><small>Artikel-Katalog<\/small><\/p>\n<\/div>\n<div class=\"bddBlock\"><a title=\"Wenn Sie ein gutes St\u00fcck der Bibliothek zur Verf\u00fcgung stellen wollen\" href=\"https:\/\/efi-landsberg.de\/artikel-anbieten\/\"><img decoding=\"async\" style=\"width: 100%;\" src=\"https:\/\/ejsll.de\/bddll\/img\/ArtikelAngebot.jpg\" alt=\"Artikel-Angebot\" \/> <\/a><br \/><small>Artikel anbieten<\/small><\/div>\n<div class=\"bddBlock\"><a title=\"Dinge, die wir uns f\u00fcr die Bibliothek w\u00fcnschen\" \nhref=\"https:\/\/ejsll.de\/_c\/mdShow.php?f=..\/_p\/BibDinge\/doc\/md\/24-1110-Wunschliste.md\"><img decoding=\"async\" style=\"width: 100%;\" src=\"https:\/\/ejsll.de\/bddll\/img\/Wunschliste.jpg\" alt=\"Wunschliste\" \/> <\/a><br \/><small>Wunsch-Liste<\/small><\/div>\n<\/div>\n\n\n\n<hr class=\"wp-block-separator has-alpha-channel-opacity\"\/>\n<\/div><\/div>\n\n\n\n<p>Das Projekt wird unterst\u00fctzt von<\/p>\n\n\n\n<ul class=\"wp-block-list\">\n<li><a href=\"https:\/\/awo-obb.de\/senioren\/einrichtung\/awo-mehrgenerationenhaus-landsberg\">AWO Mehrgenerationenhaus Landsberg am Lech<\/a><br>Frau Betina Ahmadyar <\/li>\n\n\n\n<li><a href=\"https:\/\/ampapierbach-landsberg.de\/quartier\/quartiersmanagement\/\">Quartiersmanagement des Quartiers Am Papierbach<\/a><br>Frau Susan Schmid-Engelmann<\/li>\n<\/ul>\n\n\n\n<p><\/p>\n","protected":false},"excerpt":{"rendered":"<p>Ein ehrenamtliches Projekt der Nachhaltigkeit soll unsere Region bereichern: Eine Bibliothek der Dinge (BdD) wurde unter dem Dach des AWO-Mehrgenerationenhauses Landsberg (MGH) eingerichtet. Unterst\u00fctzung dabei ist in jeglicher Hinsicht willkommen! N\u00fctzliche Gegenst\u00e4nde, die nicht zum t\u00e4glichen Bedarf geh\u00f6ren und daher in so manchem Haushalt fehlen, k\u00f6nnen hier ausgeliehen werden: zum Katalog. Aktuell findet die Bibliothek &hellip; <\/p>\n<p class=\"link-more\"><a href=\"https:\/\/ejsll.de\/bddll\/\" class=\"more-link\"><span class=\"screen-reader-text\">\u201eBibliothek der Dinge in Landsberg\u201c<\/span> weiterlesen<\/a><\/p>\n","protected":false},"author":13,"featured_media":0,"parent":0,"menu_order":0,"comment_status":"closed","ping_status":"closed","template":"","meta":{"footnotes":""},"class_list":["post-7","page","type-page","status-publish","hentry"],"_links":{"self":[{"href":"https:\/\/ejsll.de\/bddll\/index.php?rest_route=\/wp\/v2\/pages\/7","targetHints":{"allow":["GET"]}}],"collection":[{"href":"https:\/\/ejsll.de\/bddll\/index.php?rest_route=\/wp\/v2\/pages"}],"about":[{"href":"https:\/\/ejsll.de\/bddll\/index.php?rest_route=\/wp\/v2\/types\/page"}],"author":[{"embeddable":true,"href":"https:\/\/ejsll.de\/bddll\/index.php?rest_route=\/wp\/v2\/users\/13"}],"replies":[{"embeddable":true,"href":"https:\/\/ejsll.de\/bddll\/index.php?rest_route=%2Fwp%2Fv2%2Fcomments&post=7"}],"version-history":[{"count":232,"href":"https:\/\/ejsll.de\/bddll\/index.php?rest_route=\/wp\/v2\/pages\/7\/revisions"}],"predecessor-version":[{"id":1556,"href":"https:\/\/ejsll.de\/bddll\/index.php?rest_route=\/wp\/v2\/pages\/7\/revisions\/1556"}],"wp:attachment":[{"href":"https:\/\/ejsll.de\/bddll\/index.php?rest_route=%2Fwp%2Fv2%2Fmedia&parent=7"}],"curies":[{"name":"wp","href":"https:\/\/api.w.org\/{rel}","templated":true}]}}