{"id":8,"date":"2024-10-31T08:55:00","date_gmt":"2024-10-31T07:55:00","guid":{"rendered":"https:\/\/ejsll.de\/bddll\/?page_id=8"},"modified":"2025-05-13T08:45:23","modified_gmt":"2025-05-13T06:45:23","slug":"ueber-uns","status":"publish","type":"page","link":"https:\/\/ejsll.de\/bddll\/?page_id=8","title":{"rendered":"\u00dcber uns"},"content":{"rendered":"\n<p>Das Projekt Bibliothek der Dinge in Landsberg<\/p>\n\n\n\n<ul class=\"wp-block-list\">\n<li>ist ein Projekt unter dem Dach des <a href=\"https:\/\/awo-obb.de\/senioren\/einrichtung\/awo-mehrgenerationenhaus-landsberg\">AWO-Mehrgenerationenhauses Landsberg<\/a>,<br>Leitung Frau Betina Ahmadyar<\/li>\n\n\n\n<li>in Zusammenarbeit mit dem <a href=\"https:\/\/ampapierbach-landsberg.de\/quartier\/\">Quartiersmanagement<\/a> des <a href=\"https:\/\/ampapierbach-landsberg.de\/\">Quartiers Am Papierbach<\/a><br>Leitung Frau Susan Schmid-Engelmann<\/li>\n\n\n\n<li>Wir sind ein Team von Ehrenamtlichen<br>Leitung: Winfried Starck<\/li>\n<\/ul>\n\n\n\n<p>Das Team Bibliothek der Dinge traf sich dort, wo die Dinge dan ihre Basis haben sollen:<br>In der Popup-Galerie k\u00f6nnen ab 2025 die Dinge ausgeliehen werden.<\/p>\n\n\n<p><span style=\"float: right;font-size:0.8em;\">Foto Conny Kurz<\/span><br \/>\n<img decoding=\"async\" style=\"width: 100%;\" src=\"https:\/\/ejsll.de\/bddll\/img\/2024\/11\/BdD-Team-Papierbach.jpg\" alt=\"BdD Team vor Popup-Galerie\" \/><\/p>\n<ul>\n<li>Quartiersmanagerin: Susan Schmid-Engelmann<\/li>\n<li>Team: J\u00fcrgen Eschrich, Winfried Starck (Sprecher), Ernst Schatz, Elfriede Zang,<br \/>nicht im Bild: Luitgard T\u00f6pfer<\/li>\n<li>MGH Landsberg: Betina Ahmadyar<\/li>\n<\/ul>\n\n\n<div class=\"wp-block-buttons is-layout-flex wp-block-buttons-is-layout-flex\">\n<div class=\"wp-block-button\"><a class=\"wp-block-button__link wp-element-button\" href=\"https:\/\/ejsll.de\/_c\/mdShow.php?f=..\/_p\/BibDinge\/doc\/md\/bdd-Pressespiegel.md\" target=\"_blank\" rel=\"noreferrer noopener\">Presse-Spiegel<\/a><\/div>\n<\/div>\n","protected":false},"excerpt":{"rendered":"<p>Das Projekt Bibliothek der Dinge in Landsberg Das Team Bibliothek der Dinge traf sich dort, wo die Dinge dan ihre Basis haben sollen:In der Popup-Galerie k\u00f6nnen ab 2025 die Dinge ausgeliehen werden. Foto Conny Kurz Quartiersmanagerin: Susan Schmid-Engelmann Team: J\u00fcrgen Eschrich, Winfried Starck (Sprecher), Ernst Schatz, Elfriede Zang,nicht im Bild: Luitgard T\u00f6pfer MGH Landsberg: Betina &hellip; <\/p>\n<p class=\"link-more\"><a href=\"https:\/\/ejsll.de\/bddll\/?page_id=8\" class=\"more-link\"><span class=\"screen-reader-text\">\u201e\u00dcber uns\u201c<\/span> weiterlesen<\/a><\/p>\n","protected":false},"author":1,"featured_media":0,"parent":0,"menu_order":0,"comment_status":"closed","ping_status":"closed","template":"","meta":{"footnotes":""},"class_list":["post-8","page","type-page","status-publish","hentry"],"_links":{"self":[{"href":"https:\/\/ejsll.de\/bddll\/index.php?rest_route=\/wp\/v2\/pages\/8","targetHints":{"allow":["GET"]}}],"collection":[{"href":"https:\/\/ejsll.de\/bddll\/index.php?rest_route=\/wp\/v2\/pages"}],"about":[{"href":"https:\/\/ejsll.de\/bddll\/index.php?rest_route=\/wp\/v2\/types\/page"}],"author":[{"embeddable":true,"href":"https:\/\/ejsll.de\/bddll\/index.php?rest_route=\/wp\/v2\/users\/1"}],"replies":[{"embeddable":true,"href":"https:\/\/ejsll.de\/bddll\/index.php?rest_route=%2Fwp%2Fv2%2Fcomments&post=8"}],"version-history":[{"count":26,"href":"https:\/\/ejsll.de\/bddll\/index.php?rest_route=\/wp\/v2\/pages\/8\/revisions"}],"predecessor-version":[{"id":1323,"href":"https:\/\/ejsll.de\/bddll\/index.php?rest_route=\/wp\/v2\/pages\/8\/revisions\/1323"}],"wp:attachment":[{"href":"https:\/\/ejsll.de\/bddll\/index.php?rest_route=%2Fwp%2Fv2%2Fmedia&parent=8"}],"curies":[{"name":"wp","href":"https:\/\/api.w.org\/{rel}","templated":true}]}}